{"id":1641,"date":"2024-11-08T17:54:36","date_gmt":"2024-11-08T17:54:36","guid":{"rendered":"https:\/\/exaustec.com\/?page_id=1641"},"modified":"2025-07-03T17:15:11","modified_gmt":"2025-07-03T15:15:11","slug":"filtros-compactos","status":"publish","type":"page","link":"https:\/\/exaustec.com\/es\/filtros-compactos\/","title":{"rendered":"Filtros Compactos"},"content":{"rendered":"\t\t<div data-elementor-type=\"wp-page\" data-elementor-id=\"1641\" class=\"elementor elementor-1641\">\n\t\t\t\t<div class=\"elementor-element elementor-element-40dc35bd e-flex e-con-boxed e-con e-parent\" data-id=\"40dc35bd\" data-element_type=\"container\" data-e-type=\"container\">\n\t\t\t\t\t<div class=\"e-con-inner\">\n\t\t<div class=\"elementor-element elementor-element-22f329b9 e-con-full e-flex e-con e-child\" data-id=\"22f329b9\" data-element_type=\"container\" data-e-type=\"container\">\n\t\t\t\t<div class=\"elementor-element elementor-element-f1fb886 elementor-widget elementor-widget-heading\" data-id=\"f1fb886\" data-element_type=\"widget\" data-e-type=\"widget\" data-widget_type=\"heading.default\">\n\t\t\t\t\t<h3 class=\"elementor-heading-title elementor-size-default\">Filtro de Manga<\/h3>\t\t\t\t<\/div>\n\t\t\t\t<div class=\"elementor-element elementor-element-629c7aa elementor-widget-divider--view-line elementor-widget elementor-widget-divider\" data-id=\"629c7aa\" data-element_type=\"widget\" data-e-type=\"widget\" data-widget_type=\"divider.default\">\n\t\t\t\t\t\t\t<div class=\"elementor-divider\">\n\t\t\t<span class=\"elementor-divider-separator\">\n\t\t\t\t\t\t<\/span>\n\t\t<\/div>\n\t\t\t\t\t\t<\/div>\n\t\t<div class=\"elementor-element elementor-element-6945759 e-con-full e-flex e-con e-child\" data-id=\"6945759\" data-element_type=\"container\" data-e-type=\"container\">\n\t\t<div class=\"elementor-element elementor-element-cb0d200 e-con-full e-flex e-con e-child\" data-id=\"cb0d200\" data-element_type=\"container\" data-e-type=\"container\">\n\t\t\t\t<div class=\"elementor-element elementor-element-0fa1759 elementor-widget elementor-widget-text-editor\" data-id=\"0fa1759\" data-element_type=\"widget\" data-e-type=\"widget\" data-widget_type=\"text-editor.default\">\n\t\t\t\t\t\t\t\t\t<p>Es un equipo compacto, de dimensiones reducidas, que permite su instalaci\u00f3n en espacios reducidos. Utiliza elementos filtrantes autoportantes de tela plisada, lo que proporciona una mayor \u00e1rea de filtraci\u00f3n y elimina la necesidad de jaulas.<\/p>\t\t\t\t\t\t\t\t<\/div>\n\t\t\t\t<\/div>\n\t\t<div class=\"elementor-element elementor-element-f06c48f e-con-full e-flex e-con e-child\" data-id=\"f06c48f\" data-element_type=\"container\" data-e-type=\"container\">\n\t\t\t\t<div class=\"elementor-element elementor-element-e7533f7 elementor-widget elementor-widget-text-editor\" data-id=\"e7533f7\" data-element_type=\"widget\" data-e-type=\"widget\" data-widget_type=\"text-editor.default\">\n\t\t\t\t\t\t\t\t\t<p>No se recomienda en casos de polvo con humedad y aceite, as\u00ed como cuando hay alta concentraci\u00f3n de polvo en el flujo de gas.<\/p>\t\t\t\t\t\t\t\t<\/div>\n\t\t\t\t<\/div>\n\t\t\t\t<\/div>\n\t\t\t\t<\/div>\n\t\t\t\t<div class=\"elementor-element elementor-element-3856816 ha-image-grid--fitRows elementor-widget elementor-widget-ha-image-grid happy-addon ha-image-grid\" data-id=\"3856816\" data-element_type=\"widget\" data-e-type=\"widget\" data-settings=\"{&quot;layout&quot;:&quot;fitRows&quot;,&quot;enable_popup&quot;:&quot;yes&quot;}\" data-widget_type=\"ha-image-grid.default\">\n\t\t\t\t\t\n\t\t<div class=\"ha-image-grid__wrap hajs-isotope ha-lightbox--has\">\n\t\t\t\t\t\t\t\n\t\t\t\t<a href=\"#\" data-mfp-src=\"https:\/\/exaustec.com\/es\/wp-content\/uploads\/2024\/11\/Filtros-cartuchos2-900x1200-1.webp\" class=\"ha-image-grid__item ha-js-lightbox __fltr-1\">\n\t\t\t\t\t<img fetchpriority=\"high\" decoding=\"async\" width=\"900\" height=\"1200\" src=\"https:\/\/exaustec.com\/es\/wp-content\/uploads\/2024\/11\/Filtros-cartuchos2-900x1200-1.webp\" class=\"elementor-animation-grow\" alt=\"\" srcset=\"https:\/\/exaustec.com\/es\/wp-content\/uploads\/2024\/11\/Filtros-cartuchos2-900x1200-1.webp 900w, https:\/\/exaustec.com\/es\/wp-content\/uploads\/2024\/11\/Filtros-cartuchos2-900x1200-1-225x300.webp 225w, https:\/\/exaustec.com\/es\/wp-content\/uploads\/2024\/11\/Filtros-cartuchos2-900x1200-1-768x1024.webp 768w\" sizes=\"(max-width: 900px) 100vw, 900px\" \/>\t\t\t\t<\/a>\n\t\t\t\t\t\t\t\n\t\t\t\t<a href=\"#\" data-mfp-src=\"https:\/\/exaustec.com\/es\/wp-content\/uploads\/2024\/11\/Filtros-cartuchos3-900x1200-1.webp\" class=\"ha-image-grid__item ha-js-lightbox __fltr-1\">\n\t\t\t\t\t<img decoding=\"async\" width=\"900\" height=\"1200\" src=\"https:\/\/exaustec.com\/es\/wp-content\/uploads\/2024\/11\/Filtros-cartuchos3-900x1200-1.webp\" class=\"elementor-animation-grow\" alt=\"\" srcset=\"https:\/\/exaustec.com\/es\/wp-content\/uploads\/2024\/11\/Filtros-cartuchos3-900x1200-1.webp 900w, https:\/\/exaustec.com\/es\/wp-content\/uploads\/2024\/11\/Filtros-cartuchos3-900x1200-1-225x300.webp 225w, https:\/\/exaustec.com\/es\/wp-content\/uploads\/2024\/11\/Filtros-cartuchos3-900x1200-1-768x1024.webp 768w\" sizes=\"(max-width: 900px) 100vw, 900px\" \/>\t\t\t\t<\/a>\n\t\t\t\t\t\t\t\n\t\t\t\t<a href=\"#\" data-mfp-src=\"https:\/\/exaustec.com\/es\/wp-content\/uploads\/2024\/11\/Filtros-cartuchos-900x1200-1.webp\" class=\"ha-image-grid__item ha-js-lightbox __fltr-1\">\n\t\t\t\t\t<img decoding=\"async\" width=\"900\" height=\"1200\" src=\"https:\/\/exaustec.com\/es\/wp-content\/uploads\/2024\/11\/Filtros-cartuchos-900x1200-1.webp\" class=\"elementor-animation-grow\" alt=\"\" srcset=\"https:\/\/exaustec.com\/es\/wp-content\/uploads\/2024\/11\/Filtros-cartuchos-900x1200-1.webp 900w, https:\/\/exaustec.com\/es\/wp-content\/uploads\/2024\/11\/Filtros-cartuchos-900x1200-1-225x300.webp 225w, https:\/\/exaustec.com\/es\/wp-content\/uploads\/2024\/11\/Filtros-cartuchos-900x1200-1-768x1024.webp 768w\" sizes=\"(max-width: 900px) 100vw, 900px\" \/>\t\t\t\t<\/a>\n\t\t\t\t\t<\/div>\n\n\t\t\t\t\t\t<\/div>\n\t\t\t\t<div class=\"elementor-element elementor-element-ee3949a elementor-widget elementor-widget-shortcode\" data-id=\"ee3949a\" data-element_type=\"widget\" data-e-type=\"widget\" data-widget_type=\"shortcode.default\">\n\t\t\t\t\t\t\t<div class=\"elementor-shortcode\">[elementor-template id=\"1632\"]<\/div>\n\t\t\t\t\t\t<\/div>\n\t\t\t\t\t<\/div>\n\t\t\t\t<\/div>\n\t\t<div class=\"elementor-element elementor-element-577d891 e-flex e-con-boxed e-con e-parent\" data-id=\"577d891\" data-element_type=\"container\" data-e-type=\"container\" data-settings=\"{&quot;background_background&quot;:&quot;classic&quot;}\">\n\t\t\t\t\t<div class=\"e-con-inner\">\n\t\t\t\t<div class=\"elementor-element elementor-element-1109df3 elementor-widget elementor-widget-heading\" data-id=\"1109df3\" data-element_type=\"widget\" data-e-type=\"widget\" data-widget_type=\"heading.default\">\n\t\t\t\t\t<h2 class=\"elementor-heading-title elementor-size-default\">Descubra nuestros otros equipos<\/h2>\t\t\t\t<\/div>\n\t\t\t\t<div class=\"elementor-element elementor-element-266a27c elementor-widget elementor-widget-shortcode\" data-id=\"266a27c\" data-element_type=\"widget\" data-e-type=\"widget\" data-widget_type=\"shortcode.default\">\n\t\t\t\t\t\t\t<div class=\"elementor-shortcode\">[elementor-template id=\"1225\"]<\/div>\n\t\t\t\t\t\t<\/div>\n\t\t\t\t\t<\/div>\n\t\t\t\t<\/div>\n\t\t\t\t<\/div>\n\t\t","protected":false},"excerpt":{"rendered":"<p>Es un equipo compacto, de dimensiones reducidas, que permite su instalaci\u00f3n en espacios reducidos. Utiliza elementos filtrantes autoportantes de tela plisada, lo que proporciona una mayor \u00e1rea de filtraci\u00f3n y elimina la necesidad de jaulas. No se recomienda en casos de polvo con humedad y aceite, as\u00ed como cuando hay alta concentraci\u00f3n de polvo en [&hellip;]<\/p>\n","protected":false},"author":2,"featured_media":0,"parent":0,"menu_order":0,"comment_status":"closed","ping_status":"closed","template":"","meta":{"iawp_total_views":167,"footnotes":""},"folder":[13],"class_list":["post-1641","page","type-page","status-publish","hentry"],"yoast_head":"<!-- This site is optimized with the Yoast SEO plugin v27.4 - https:\/\/yoast.com\/product\/yoast-seo-wordpress\/ -->\n<title>Filtros Compactos - Exaustec Tecnologia Ambiental<\/title>\n<meta name=\"robots\" content=\"index, follow, max-snippet:-1, max-image-preview:large, max-video-preview:-1\" \/>\n<link rel=\"canonical\" href=\"https:\/\/exaustec.com\/es\/filtros-compactos\/\" \/>\n<meta property=\"og:locale\" content=\"pt_BR\" \/>\n<meta property=\"og:type\" content=\"article\" \/>\n<meta property=\"og:title\" content=\"Filtros Compactos - Exaustec Tecnologia Ambiental\" \/>\n<meta property=\"og:description\" content=\"Es un equipo compacto, de dimensiones reducidas, que permite su instalaci\u00f3n en espacios reducidos. Utiliza elementos filtrantes autoportantes de tela plisada, lo que proporciona una mayor \u00e1rea de filtraci\u00f3n y elimina la necesidad de jaulas. No se recomienda en casos de polvo con humedad y aceite, as\u00ed como cuando hay alta concentraci\u00f3n de polvo en [&hellip;]\" \/>\n<meta property=\"og:url\" content=\"https:\/\/exaustec.com\/es\/filtros-compactos\/\" \/>\n<meta property=\"og:site_name\" content=\"Exaustec Tecnologia Ambiental\" \/>\n<meta property=\"article:modified_time\" content=\"2025-07-03T15:15:11+00:00\" \/>\n<meta property=\"og:image\" content=\"https:\/\/exaustec.com\/es\/wp-content\/uploads\/2024\/11\/Filtros-cartuchos2-900x1200-1.webp\" \/>\n<meta name=\"twitter:card\" content=\"summary_large_image\" \/>\n<meta name=\"twitter:label1\" content=\"Est. tempo de leitura\" \/>\n\t<meta name=\"twitter:data1\" content=\"2 minutos\" \/>\n<script type=\"application\/ld+json\" class=\"yoast-schema-graph\">{\"@context\":\"https:\\\/\\\/schema.org\",\"@graph\":[{\"@type\":\"WebPage\",\"@id\":\"https:\\\/\\\/exaustec.com\\\/es\\\/filtros-compactos\\\/\",\"url\":\"https:\\\/\\\/exaustec.com\\\/es\\\/filtros-compactos\\\/\",\"name\":\"Filtros Compactos - Exaustec Tecnologia Ambiental\",\"isPartOf\":{\"@id\":\"https:\\\/\\\/exaustec.com\\\/es\\\/#website\"},\"primaryImageOfPage\":{\"@id\":\"https:\\\/\\\/exaustec.com\\\/es\\\/filtros-compactos\\\/#primaryimage\"},\"image\":{\"@id\":\"https:\\\/\\\/exaustec.com\\\/es\\\/filtros-compactos\\\/#primaryimage\"},\"thumbnailUrl\":\"https:\\\/\\\/exaustec.com\\\/es\\\/wp-content\\\/uploads\\\/2024\\\/11\\\/Filtros-cartuchos2-900x1200-1.webp\",\"datePublished\":\"2024-11-08T17:54:36+00:00\",\"dateModified\":\"2025-07-03T15:15:11+00:00\",\"breadcrumb\":{\"@id\":\"https:\\\/\\\/exaustec.com\\\/es\\\/filtros-compactos\\\/#breadcrumb\"},\"inLanguage\":\"pt-BR\",\"potentialAction\":[{\"@type\":\"ReadAction\",\"target\":[\"https:\\\/\\\/exaustec.com\\\/es\\\/filtros-compactos\\\/\"]}]},{\"@type\":\"ImageObject\",\"inLanguage\":\"pt-BR\",\"@id\":\"https:\\\/\\\/exaustec.com\\\/es\\\/filtros-compactos\\\/#primaryimage\",\"url\":\"https:\\\/\\\/exaustec.com\\\/es\\\/wp-content\\\/uploads\\\/2024\\\/11\\\/Filtros-cartuchos2-900x1200-1.webp\",\"contentUrl\":\"https:\\\/\\\/exaustec.com\\\/es\\\/wp-content\\\/uploads\\\/2024\\\/11\\\/Filtros-cartuchos2-900x1200-1.webp\",\"width\":900,\"height\":1200},{\"@type\":\"BreadcrumbList\",\"@id\":\"https:\\\/\\\/exaustec.com\\\/es\\\/filtros-compactos\\\/#breadcrumb\",\"itemListElement\":[{\"@type\":\"ListItem\",\"position\":1,\"name\":\"In\u00edcio\",\"item\":\"https:\\\/\\\/exaustec.com\\\/es\\\/\"},{\"@type\":\"ListItem\",\"position\":2,\"name\":\"Filtros Compactos\"}]},{\"@type\":\"WebSite\",\"@id\":\"https:\\\/\\\/exaustec.com\\\/es\\\/#website\",\"url\":\"https:\\\/\\\/exaustec.com\\\/es\\\/\",\"name\":\"Exaustec Tecnologia Ambiental\",\"description\":\"Sistemas de Extracci\u00f3n Industrial.\",\"publisher\":{\"@id\":\"https:\\\/\\\/exaustec.com\\\/es\\\/#organization\"},\"potentialAction\":[{\"@type\":\"SearchAction\",\"target\":{\"@type\":\"EntryPoint\",\"urlTemplate\":\"https:\\\/\\\/exaustec.com\\\/es\\\/?s={search_term_string}\"},\"query-input\":{\"@type\":\"PropertyValueSpecification\",\"valueRequired\":true,\"valueName\":\"search_term_string\"}}],\"inLanguage\":\"pt-BR\"},{\"@type\":\"Organization\",\"@id\":\"https:\\\/\\\/exaustec.com\\\/es\\\/#organization\",\"name\":\"Exaustec Tecnologia Ambiental\",\"url\":\"https:\\\/\\\/exaustec.com\\\/es\\\/\",\"logo\":{\"@type\":\"ImageObject\",\"inLanguage\":\"pt-BR\",\"@id\":\"https:\\\/\\\/exaustec.com\\\/es\\\/#\\\/schema\\\/logo\\\/image\\\/\",\"url\":\"https:\\\/\\\/exaustec.com\\\/es\\\/wp-content\\\/uploads\\\/2023\\\/12\\\/logoExaustec_400px.png\",\"contentUrl\":\"https:\\\/\\\/exaustec.com\\\/es\\\/wp-content\\\/uploads\\\/2023\\\/12\\\/logoExaustec_400px.png\",\"width\":400,\"height\":82,\"caption\":\"Exaustec Tecnologia Ambiental\"},\"image\":{\"@id\":\"https:\\\/\\\/exaustec.com\\\/es\\\/#\\\/schema\\\/logo\\\/image\\\/\"}}]}<\/script>\n<!-- \/ Yoast SEO plugin. -->","yoast_head_json":{"title":"Filtros Compactos - Exaustec Tecnologia Ambiental","robots":{"index":"index","follow":"follow","max-snippet":"max-snippet:-1","max-image-preview":"max-image-preview:large","max-video-preview":"max-video-preview:-1"},"canonical":"https:\/\/exaustec.com\/es\/filtros-compactos\/","og_locale":"pt_BR","og_type":"article","og_title":"Filtros Compactos - Exaustec Tecnologia Ambiental","og_description":"Es un equipo compacto, de dimensiones reducidas, que permite su instalaci\u00f3n en espacios reducidos. Utiliza elementos filtrantes autoportantes de tela plisada, lo que proporciona una mayor \u00e1rea de filtraci\u00f3n y elimina la necesidad de jaulas. No se recomienda en casos de polvo con humedad y aceite, as\u00ed como cuando hay alta concentraci\u00f3n de polvo en [&hellip;]","og_url":"https:\/\/exaustec.com\/es\/filtros-compactos\/","og_site_name":"Exaustec Tecnologia Ambiental","article_modified_time":"2025-07-03T15:15:11+00:00","og_image":[{"url":"https:\/\/exaustec.com\/es\/wp-content\/uploads\/2024\/11\/Filtros-cartuchos2-900x1200-1.webp","type":"","width":"","height":""}],"twitter_card":"summary_large_image","twitter_misc":{"Est. tempo de leitura":"2 minutos"},"schema":{"@context":"https:\/\/schema.org","@graph":[{"@type":"WebPage","@id":"https:\/\/exaustec.com\/es\/filtros-compactos\/","url":"https:\/\/exaustec.com\/es\/filtros-compactos\/","name":"Filtros Compactos - Exaustec Tecnologia Ambiental","isPartOf":{"@id":"https:\/\/exaustec.com\/es\/#website"},"primaryImageOfPage":{"@id":"https:\/\/exaustec.com\/es\/filtros-compactos\/#primaryimage"},"image":{"@id":"https:\/\/exaustec.com\/es\/filtros-compactos\/#primaryimage"},"thumbnailUrl":"https:\/\/exaustec.com\/es\/wp-content\/uploads\/2024\/11\/Filtros-cartuchos2-900x1200-1.webp","datePublished":"2024-11-08T17:54:36+00:00","dateModified":"2025-07-03T15:15:11+00:00","breadcrumb":{"@id":"https:\/\/exaustec.com\/es\/filtros-compactos\/#breadcrumb"},"inLanguage":"pt-BR","potentialAction":[{"@type":"ReadAction","target":["https:\/\/exaustec.com\/es\/filtros-compactos\/"]}]},{"@type":"ImageObject","inLanguage":"pt-BR","@id":"https:\/\/exaustec.com\/es\/filtros-compactos\/#primaryimage","url":"https:\/\/exaustec.com\/es\/wp-content\/uploads\/2024\/11\/Filtros-cartuchos2-900x1200-1.webp","contentUrl":"https:\/\/exaustec.com\/es\/wp-content\/uploads\/2024\/11\/Filtros-cartuchos2-900x1200-1.webp","width":900,"height":1200},{"@type":"BreadcrumbList","@id":"https:\/\/exaustec.com\/es\/filtros-compactos\/#breadcrumb","itemListElement":[{"@type":"ListItem","position":1,"name":"In\u00edcio","item":"https:\/\/exaustec.com\/es\/"},{"@type":"ListItem","position":2,"name":"Filtros Compactos"}]},{"@type":"WebSite","@id":"https:\/\/exaustec.com\/es\/#website","url":"https:\/\/exaustec.com\/es\/","name":"Exaustec Tecnologia Ambiental","description":"Sistemas de Extracci\u00f3n Industrial.","publisher":{"@id":"https:\/\/exaustec.com\/es\/#organization"},"potentialAction":[{"@type":"SearchAction","target":{"@type":"EntryPoint","urlTemplate":"https:\/\/exaustec.com\/es\/?s={search_term_string}"},"query-input":{"@type":"PropertyValueSpecification","valueRequired":true,"valueName":"search_term_string"}}],"inLanguage":"pt-BR"},{"@type":"Organization","@id":"https:\/\/exaustec.com\/es\/#organization","name":"Exaustec Tecnologia Ambiental","url":"https:\/\/exaustec.com\/es\/","logo":{"@type":"ImageObject","inLanguage":"pt-BR","@id":"https:\/\/exaustec.com\/es\/#\/schema\/logo\/image\/","url":"https:\/\/exaustec.com\/es\/wp-content\/uploads\/2023\/12\/logoExaustec_400px.png","contentUrl":"https:\/\/exaustec.com\/es\/wp-content\/uploads\/2023\/12\/logoExaustec_400px.png","width":400,"height":82,"caption":"Exaustec Tecnologia Ambiental"},"image":{"@id":"https:\/\/exaustec.com\/es\/#\/schema\/logo\/image\/"}}]}},"_links":{"self":[{"href":"https:\/\/exaustec.com\/es\/wp-json\/wp\/v2\/pages\/1641","targetHints":{"allow":["GET"]}}],"collection":[{"href":"https:\/\/exaustec.com\/es\/wp-json\/wp\/v2\/pages"}],"about":[{"href":"https:\/\/exaustec.com\/es\/wp-json\/wp\/v2\/types\/page"}],"author":[{"embeddable":true,"href":"https:\/\/exaustec.com\/es\/wp-json\/wp\/v2\/users\/2"}],"replies":[{"embeddable":true,"href":"https:\/\/exaustec.com\/es\/wp-json\/wp\/v2\/comments?post=1641"}],"version-history":[{"count":48,"href":"https:\/\/exaustec.com\/es\/wp-json\/wp\/v2\/pages\/1641\/revisions"}],"predecessor-version":[{"id":2625,"href":"https:\/\/exaustec.com\/es\/wp-json\/wp\/v2\/pages\/1641\/revisions\/2625"}],"wp:attachment":[{"href":"https:\/\/exaustec.com\/es\/wp-json\/wp\/v2\/media?parent=1641"}],"wp:term":[{"taxonomy":"folder","embeddable":true,"href":"https:\/\/exaustec.com\/es\/wp-json\/wp\/v2\/folder?post=1641"}],"curies":[{"name":"wp","href":"https:\/\/api.w.org\/{rel}","templated":true}]}}