{"id":1676,"date":"2024-11-08T18:12:43","date_gmt":"2024-11-08T18:12:43","guid":{"rendered":"https:\/\/exaustec.com\/?page_id=1676"},"modified":"2024-12-18T10:43:57","modified_gmt":"2024-12-18T13:43:57","slug":"sistemas-de-exaustao","status":"publish","type":"page","link":"https:\/\/exaustec.com\/es\/sistemas-de-exaustao\/","title":{"rendered":"Sistemas de Exaust\u00e3o"},"content":{"rendered":"\t\t<div data-elementor-type=\"wp-page\" data-elementor-id=\"1676\" class=\"elementor elementor-1676\">\n\t\t\t\t<div class=\"elementor-element elementor-element-40dc35bd e-flex e-con-boxed e-con e-parent\" data-id=\"40dc35bd\" data-element_type=\"container\" data-e-type=\"container\">\n\t\t\t\t\t<div class=\"e-con-inner\">\n\t\t<div class=\"elementor-element elementor-element-22f329b9 e-con-full e-flex e-con e-child\" data-id=\"22f329b9\" data-element_type=\"container\" data-e-type=\"container\">\n\t\t\t\t<div class=\"elementor-element elementor-element-f1fb886 elementor-widget elementor-widget-heading\" data-id=\"f1fb886\" data-element_type=\"widget\" data-e-type=\"widget\" data-widget_type=\"heading.default\">\n\t\t\t\t\t<h3 class=\"elementor-heading-title elementor-size-default\">Filtro de Manga<\/h3>\t\t\t\t<\/div>\n\t\t\t\t<div class=\"elementor-element elementor-element-629c7aa elementor-widget-divider--view-line elementor-widget elementor-widget-divider\" data-id=\"629c7aa\" data-element_type=\"widget\" data-e-type=\"widget\" data-widget_type=\"divider.default\">\n\t\t\t\t\t\t\t<div class=\"elementor-divider\">\n\t\t\t<span class=\"elementor-divider-separator\">\n\t\t\t\t\t\t<\/span>\n\t\t<\/div>\n\t\t\t\t\t\t<\/div>\n\t\t<div class=\"elementor-element elementor-element-6945759 e-con-full e-flex e-con e-child\" data-id=\"6945759\" data-element_type=\"container\" data-e-type=\"container\">\n\t\t<div class=\"elementor-element elementor-element-cb0d200 e-con-full e-flex e-con e-child\" data-id=\"cb0d200\" data-element_type=\"container\" data-e-type=\"container\">\n\t\t\t\t<div class=\"elementor-element elementor-element-0fa1759 elementor-widget elementor-widget-text-editor\" data-id=\"0fa1759\" data-element_type=\"widget\" data-e-type=\"widget\" data-widget_type=\"text-editor.default\">\n\t\t\t\t\t\t\t\t\t<p>Devido \u00e0 busca por seguran\u00e7a em suas opera\u00e7\u00f5es, juntamente com a relev\u00e2ncia de um meio ambiente sustent\u00e1vel, ind\u00fastrias de diversos setores t\u00eam procurado alternativas no controle de emiss\u00f5es de particulado.<\/p><p>Uma das formas de solucionar esse problema presente na rotina das f\u00e1bricas \u00e9 a implementa\u00e7\u00e3o de sistemas de exaust\u00e3o. Nossa engenharia desenvolve sistemas de exaust\u00e3o customizados para nossos clientes, de acordo com a particularidade de cada aplica\u00e7\u00e3o.<\/p><p>As duas formas mais usadas em ventila\u00e7\u00e3o industrial s\u00e3o despoeiramento e renova\u00e7\u00e3o de ar, sendo a primeira exclusivamente para controle de emiss\u00e3o e a segunda para a garantia da qualidade do ar em um ambiente.<\/p><p>Sistemas destinados a despoeiramento s\u00e3o utilizados com a finalidade de captar e reter contaminantes gerados pelas opera\u00e7\u00f5es das f\u00e1bricas, controlando seus lan\u00e7amentos \u00e0 atmosfera. Encontram-se dentro destes materiais: poeira, fumos, fuma\u00e7as e n\u00e9voas.<\/p>\t\t\t\t\t\t\t\t<\/div>\n\t\t\t\t<\/div>\n\t\t<div class=\"elementor-element elementor-element-f06c48f e-con-full e-flex e-con e-child\" data-id=\"f06c48f\" data-element_type=\"container\" data-e-type=\"container\">\n\t\t\t\t<div class=\"elementor-element elementor-element-e7533f7 elementor-widget elementor-widget-text-editor\" data-id=\"e7533f7\" data-element_type=\"widget\" data-e-type=\"widget\" data-widget_type=\"text-editor.default\">\n\t\t\t\t\t\t\t\t\t<p>Sistemas destinados \u00e0 renova\u00e7\u00e3o s\u00e3o utilizados com a finalidade de trocar o ar impr\u00f3prio para ocupa\u00e7\u00e3o humana de um ambiente por ar de qualidade que possibilite a perman\u00eancia de pessoas neste espa\u00e7o.<\/p><p>S\u00e3o constitu\u00eddos por um agrupamento de equipamentos, sendo cada um respons\u00e1vel por uma opera\u00e7\u00e3o:<\/p>\t\t\t\t\t\t\t\t<\/div>\n\t\t\t\t<div class=\"elementor-element elementor-element-7b76dfc elementor-icon-list--layout-traditional elementor-list-item-link-full_width elementor-widget elementor-widget-icon-list\" data-id=\"7b76dfc\" data-element_type=\"widget\" data-e-type=\"widget\" data-widget_type=\"icon-list.default\">\n\t\t\t\t\t\t\t<ul class=\"elementor-icon-list-items\">\n\t\t\t\t\t\t\t<li class=\"elementor-icon-list-item\">\n\t\t\t\t\t\t\t\t\t\t\t<span class=\"elementor-icon-list-icon\">\n\t\t\t\t\t\t\t<svg aria-hidden=\"true\" class=\"e-font-icon-svg e-fas-circle\" viewBox=\"0 0 512 512\" xmlns=\"http:\/\/www.w3.org\/2000\/svg\"><path d=\"M256 8C119 8 8 119 8 256s111 248 248 248 248-111 248-248S393 8 256 8z\"><\/path><\/svg>\t\t\t\t\t\t<\/span>\n\t\t\t\t\t\t\t\t\t\t<span class=\"elementor-icon-list-text\">Controle de emiss\u00e3o de particulado, para aplica\u00e7\u00f5es de despoeiramento \u2013 filtro de mangas, filtro cartucho e ciclone.<\/span>\n\t\t\t\t\t\t\t\t\t<\/li>\n\t\t\t\t\t\t\t\t<li class=\"elementor-icon-list-item\">\n\t\t\t\t\t\t\t\t\t\t\t<span class=\"elementor-icon-list-icon\">\n\t\t\t\t\t\t\t<svg aria-hidden=\"true\" class=\"e-font-icon-svg e-fas-circle\" viewBox=\"0 0 512 512\" xmlns=\"http:\/\/www.w3.org\/2000\/svg\"><path d=\"M256 8C119 8 8 119 8 256s111 248 248 248 248-111 248-248S393 8 256 8z\"><\/path><\/svg>\t\t\t\t\t\t<\/span>\n\t\t\t\t\t\t\t\t\t\t<span class=\"elementor-icon-list-text\">Movimenta\u00e7\u00e3o do ar\/gases \u2013 ventilador centr\u00edfugo e ventilador axial.<\/span>\n\t\t\t\t\t\t\t\t\t<\/li>\n\t\t\t\t\t\t\t\t<li class=\"elementor-icon-list-item\">\n\t\t\t\t\t\t\t\t\t\t\t<span class=\"elementor-icon-list-icon\">\n\t\t\t\t\t\t\t<svg aria-hidden=\"true\" class=\"e-font-icon-svg e-fas-circle\" viewBox=\"0 0 512 512\" xmlns=\"http:\/\/www.w3.org\/2000\/svg\"><path d=\"M256 8C119 8 8 119 8 256s111 248 248 248 248-111 248-248S393 8 256 8z\"><\/path><\/svg>\t\t\t\t\t\t<\/span>\n\t\t\t\t\t\t\t\t\t\t<span class=\"elementor-icon-list-text\">Condu\u00e7\u00e3o do ar\/gases \u2013 rede de dutos\/tubula\u00e7\u00f5es e captores.<\/span>\n\t\t\t\t\t\t\t\t\t<\/li>\n\t\t\t\t\t\t<\/ul>\n\t\t\t\t\t\t<\/div>\n\t\t\t\t<div class=\"elementor-element elementor-element-108eeb4 elementor-widget elementor-widget-text-editor\" data-id=\"108eeb4\" data-element_type=\"widget\" data-e-type=\"widget\" data-widget_type=\"text-editor.default\">\n\t\t\t\t\t\t\t\t\t<p>Em muitos casos, a destina\u00e7\u00e3o do material descarregado pelo equipamento de controle se encontra em nosso escopo. Alternativas como tulhas de armazenamento e transporte pneum\u00e1tico em fase dilu\u00edda s\u00e3o solu\u00e7\u00f5es que entregamos em conjunto com nossos sistemas de exaust\u00e3o.<\/p>\t\t\t\t\t\t\t\t<\/div>\n\t\t\t\t<\/div>\n\t\t\t\t<\/div>\n\t\t\t\t<\/div>\n\t\t\t\t<div class=\"elementor-element elementor-element-1622e23 gallery-spacing-custom elementor-widget elementor-widget-image-gallery\" data-id=\"1622e23\" data-element_type=\"widget\" data-e-type=\"widget\" data-widget_type=\"image-gallery.default\">\n\t\t\t\t\t\t\t<div class=\"elementor-image-gallery\">\n\t\t\t<div id='gallery-1' class='gallery galleryid-1676 gallery-columns-3 gallery-size-full'><figure class='gallery-item'>\n\t\t\t<div class='gallery-icon portrait'>\n\t\t\t\t<a data-elementor-open-lightbox=\"yes\" data-elementor-lightbox-slideshow=\"1622e23\" data-e-action-hash=\"#elementor-action%3Aaction%3Dlightbox%26settings%3DeyJpZCI6MTA1NiwidXJsIjoiaHR0cHM6XC9cL2V4YXVzdGVjLmNvbVwvZXNcL3dwLWNvbnRlbnRcL3VwbG9hZHNcLzIwMjRcLzExXC9zaXN0ZW1hLWRlLWV4YXVzdGFvMi05MDB4MTIwMC0xLndlYnAiLCJzbGlkZXNob3ciOiIxNjIyZTIzIn0%3D\" href='https:\/\/exaustec.com\/es\/wp-content\/uploads\/2024\/11\/sistema-de-exaustao2-900x1200-1.webp'><img fetchpriority=\"high\" decoding=\"async\" width=\"900\" height=\"1200\" src=\"https:\/\/exaustec.com\/es\/wp-content\/uploads\/2024\/11\/sistema-de-exaustao2-900x1200-1.webp\" class=\"attachment-full size-full\" alt=\"\" srcset=\"https:\/\/exaustec.com\/es\/wp-content\/uploads\/2024\/11\/sistema-de-exaustao2-900x1200-1.webp 900w, https:\/\/exaustec.com\/es\/wp-content\/uploads\/2024\/11\/sistema-de-exaustao2-900x1200-1-225x300.webp 225w, https:\/\/exaustec.com\/es\/wp-content\/uploads\/2024\/11\/sistema-de-exaustao2-900x1200-1-768x1024.webp 768w\" sizes=\"(max-width: 900px) 100vw, 900px\" \/><\/a>\n\t\t\t<\/div><\/figure><figure class='gallery-item'>\n\t\t\t<div class='gallery-icon portrait'>\n\t\t\t\t<a data-elementor-open-lightbox=\"yes\" data-elementor-lightbox-slideshow=\"1622e23\" data-e-action-hash=\"#elementor-action%3Aaction%3Dlightbox%26settings%3DeyJpZCI6MTA1NywidXJsIjoiaHR0cHM6XC9cL2V4YXVzdGVjLmNvbVwvZXNcL3dwLWNvbnRlbnRcL3VwbG9hZHNcLzIwMjRcLzExXC9zaXN0ZW1hLWRlLWV4YXVzdGFvMy05MDB4MTIwMC0xLndlYnAiLCJzbGlkZXNob3ciOiIxNjIyZTIzIn0%3D\" href='https:\/\/exaustec.com\/es\/wp-content\/uploads\/2024\/11\/sistema-de-exaustao3-900x1200-1.webp'><img decoding=\"async\" width=\"900\" height=\"1200\" src=\"https:\/\/exaustec.com\/es\/wp-content\/uploads\/2024\/11\/sistema-de-exaustao3-900x1200-1.webp\" class=\"attachment-full size-full\" alt=\"\" srcset=\"https:\/\/exaustec.com\/es\/wp-content\/uploads\/2024\/11\/sistema-de-exaustao3-900x1200-1.webp 900w, https:\/\/exaustec.com\/es\/wp-content\/uploads\/2024\/11\/sistema-de-exaustao3-900x1200-1-225x300.webp 225w, https:\/\/exaustec.com\/es\/wp-content\/uploads\/2024\/11\/sistema-de-exaustao3-900x1200-1-768x1024.webp 768w\" sizes=\"(max-width: 900px) 100vw, 900px\" \/><\/a>\n\t\t\t<\/div><\/figure><figure class='gallery-item'>\n\t\t\t<div class='gallery-icon portrait'>\n\t\t\t\t<a data-elementor-open-lightbox=\"yes\" data-elementor-lightbox-slideshow=\"1622e23\" data-e-action-hash=\"#elementor-action%3Aaction%3Dlightbox%26settings%3DeyJpZCI6MTA1NSwidXJsIjoiaHR0cHM6XC9cL2V4YXVzdGVjLmNvbVwvZXNcL3dwLWNvbnRlbnRcL3VwbG9hZHNcLzIwMjRcLzExXC9zaXN0ZW1hLWRlLWV4YXVzdGFvLTkwMHgxMjAwLTEud2VicCIsInNsaWRlc2hvdyI6IjE2MjJlMjMifQ%3D%3D\" href='https:\/\/exaustec.com\/es\/wp-content\/uploads\/2024\/11\/sistema-de-exaustao-900x1200-1.webp'><img decoding=\"async\" width=\"900\" height=\"1200\" src=\"https:\/\/exaustec.com\/es\/wp-content\/uploads\/2024\/11\/sistema-de-exaustao-900x1200-1.webp\" class=\"attachment-full size-full\" alt=\"\" srcset=\"https:\/\/exaustec.com\/es\/wp-content\/uploads\/2024\/11\/sistema-de-exaustao-900x1200-1.webp 900w, https:\/\/exaustec.com\/es\/wp-content\/uploads\/2024\/11\/sistema-de-exaustao-900x1200-1-225x300.webp 225w, https:\/\/exaustec.com\/es\/wp-content\/uploads\/2024\/11\/sistema-de-exaustao-900x1200-1-768x1024.webp 768w\" sizes=\"(max-width: 900px) 100vw, 900px\" \/><\/a>\n\t\t\t<\/div><\/figure>\n\t\t<\/div>\n\t\t<\/div>\n\t\t\t\t\t\t<\/div>\n\t\t\t\t<div class=\"elementor-element elementor-element-ee3949a elementor-widget elementor-widget-shortcode\" data-id=\"ee3949a\" data-element_type=\"widget\" data-e-type=\"widget\" data-widget_type=\"shortcode.default\">\n\t\t\t\t\t\t\t<div class=\"elementor-shortcode\">[elementor-template id=\"1632\"]<\/div>\n\t\t\t\t\t\t<\/div>\n\t\t\t\t\t<\/div>\n\t\t\t\t<\/div>\n\t\t<div class=\"elementor-element elementor-element-577d891 e-flex e-con-boxed e-con e-parent\" data-id=\"577d891\" data-element_type=\"container\" data-e-type=\"container\" data-settings=\"{&quot;background_background&quot;:&quot;classic&quot;}\">\n\t\t\t\t\t<div class=\"e-con-inner\">\n\t\t\t\t<div class=\"elementor-element elementor-element-1109df3 elementor-widget elementor-widget-heading\" data-id=\"1109df3\" data-element_type=\"widget\" data-e-type=\"widget\" data-widget_type=\"heading.default\">\n\t\t\t\t\t<h2 class=\"elementor-heading-title elementor-size-default\">Conhe\u00e7a nossos outros equipamentos<\/h2>\t\t\t\t<\/div>\n\t\t\t\t<div class=\"elementor-element elementor-element-266a27c elementor-widget elementor-widget-shortcode\" data-id=\"266a27c\" data-element_type=\"widget\" data-e-type=\"widget\" data-widget_type=\"shortcode.default\">\n\t\t\t\t\t\t\t<div class=\"elementor-shortcode\">[elementor-template id=\"1225\"]<\/div>\n\t\t\t\t\t\t<\/div>\n\t\t\t\t\t<\/div>\n\t\t\t\t<\/div>\n\t\t\t\t<\/div>\n\t\t","protected":false},"excerpt":{"rendered":"<p>Devido \u00e0 busca por seguran\u00e7a em suas opera\u00e7\u00f5es, juntamente com a relev\u00e2ncia de um meio ambiente sustent\u00e1vel, ind\u00fastrias de diversos setores t\u00eam procurado alternativas no controle de emiss\u00f5es de particulado. Uma das formas de solucionar esse problema presente na rotina das f\u00e1bricas \u00e9 a implementa\u00e7\u00e3o de sistemas de exaust\u00e3o. Nossa engenharia desenvolve sistemas de exaust\u00e3o [&hellip;]<\/p>\n","protected":false},"author":2,"featured_media":0,"parent":0,"menu_order":0,"comment_status":"closed","ping_status":"closed","template":"","meta":{"iawp_total_views":105,"footnotes":""},"folder":[13],"class_list":["post-1676","page","type-page","status-publish","hentry"],"yoast_head":"<!-- This site is optimized with the Yoast SEO plugin v27.4 - https:\/\/yoast.com\/product\/yoast-seo-wordpress\/ -->\n<title>Sistemas de Exaust\u00e3o - Exaustec Tecnologia Ambiental<\/title>\n<meta name=\"robots\" content=\"index, follow, max-snippet:-1, max-image-preview:large, max-video-preview:-1\" \/>\n<link rel=\"canonical\" href=\"https:\/\/exaustec.com\/es\/sistemas-de-exaustao\/\" \/>\n<meta property=\"og:locale\" content=\"pt_BR\" \/>\n<meta property=\"og:type\" content=\"article\" \/>\n<meta property=\"og:title\" content=\"Sistemas de Exaust\u00e3o - Exaustec Tecnologia Ambiental\" \/>\n<meta property=\"og:description\" content=\"Devido \u00e0 busca por seguran\u00e7a em suas opera\u00e7\u00f5es, juntamente com a relev\u00e2ncia de um meio ambiente sustent\u00e1vel, ind\u00fastrias de diversos setores t\u00eam procurado alternativas no controle de emiss\u00f5es de particulado. Uma das formas de solucionar esse problema presente na rotina das f\u00e1bricas \u00e9 a implementa\u00e7\u00e3o de sistemas de exaust\u00e3o. Nossa engenharia desenvolve sistemas de exaust\u00e3o [&hellip;]\" \/>\n<meta property=\"og:url\" content=\"https:\/\/exaustec.com\/es\/sistemas-de-exaustao\/\" \/>\n<meta property=\"og:site_name\" content=\"Exaustec Tecnologia Ambiental\" \/>\n<meta property=\"article:modified_time\" content=\"2024-12-18T13:43:57+00:00\" \/>\n<meta property=\"og:image\" content=\"http:\/\/exaustec.com\/wp-content\/uploads\/2024\/11\/sistema-de-exaustao2-900x1200-1.webp\" \/>\n<meta name=\"twitter:card\" content=\"summary_large_image\" \/>\n<meta name=\"twitter:label1\" content=\"Est. tempo de leitura\" \/>\n\t<meta name=\"twitter:data1\" content=\"2 minutos\" \/>\n<script type=\"application\/ld+json\" class=\"yoast-schema-graph\">{\"@context\":\"https:\\\/\\\/schema.org\",\"@graph\":[{\"@type\":\"WebPage\",\"@id\":\"https:\\\/\\\/exaustec.com\\\/es\\\/sistemas-de-exaustao\\\/\",\"url\":\"https:\\\/\\\/exaustec.com\\\/es\\\/sistemas-de-exaustao\\\/\",\"name\":\"Sistemas de Exaust\u00e3o - Exaustec Tecnologia Ambiental\",\"isPartOf\":{\"@id\":\"https:\\\/\\\/exaustec.com\\\/es\\\/#website\"},\"primaryImageOfPage\":{\"@id\":\"https:\\\/\\\/exaustec.com\\\/es\\\/sistemas-de-exaustao\\\/#primaryimage\"},\"image\":{\"@id\":\"https:\\\/\\\/exaustec.com\\\/es\\\/sistemas-de-exaustao\\\/#primaryimage\"},\"thumbnailUrl\":\"http:\\\/\\\/exaustec.com\\\/wp-content\\\/uploads\\\/2024\\\/11\\\/sistema-de-exaustao2-900x1200-1.webp\",\"datePublished\":\"2024-11-08T18:12:43+00:00\",\"dateModified\":\"2024-12-18T13:43:57+00:00\",\"breadcrumb\":{\"@id\":\"https:\\\/\\\/exaustec.com\\\/es\\\/sistemas-de-exaustao\\\/#breadcrumb\"},\"inLanguage\":\"pt-BR\",\"potentialAction\":[{\"@type\":\"ReadAction\",\"target\":[\"https:\\\/\\\/exaustec.com\\\/es\\\/sistemas-de-exaustao\\\/\"]}]},{\"@type\":\"ImageObject\",\"inLanguage\":\"pt-BR\",\"@id\":\"https:\\\/\\\/exaustec.com\\\/es\\\/sistemas-de-exaustao\\\/#primaryimage\",\"url\":\"http:\\\/\\\/exaustec.com\\\/wp-content\\\/uploads\\\/2024\\\/11\\\/sistema-de-exaustao2-900x1200-1.webp\",\"contentUrl\":\"http:\\\/\\\/exaustec.com\\\/wp-content\\\/uploads\\\/2024\\\/11\\\/sistema-de-exaustao2-900x1200-1.webp\"},{\"@type\":\"BreadcrumbList\",\"@id\":\"https:\\\/\\\/exaustec.com\\\/es\\\/sistemas-de-exaustao\\\/#breadcrumb\",\"itemListElement\":[{\"@type\":\"ListItem\",\"position\":1,\"name\":\"In\u00edcio\",\"item\":\"https:\\\/\\\/exaustec.com\\\/es\\\/\"},{\"@type\":\"ListItem\",\"position\":2,\"name\":\"Sistemas de Exaust\u00e3o\"}]},{\"@type\":\"WebSite\",\"@id\":\"https:\\\/\\\/exaustec.com\\\/es\\\/#website\",\"url\":\"https:\\\/\\\/exaustec.com\\\/es\\\/\",\"name\":\"Exaustec Tecnologia Ambiental\",\"description\":\"Sistemas de Extracci\u00f3n Industrial.\",\"publisher\":{\"@id\":\"https:\\\/\\\/exaustec.com\\\/es\\\/#organization\"},\"potentialAction\":[{\"@type\":\"SearchAction\",\"target\":{\"@type\":\"EntryPoint\",\"urlTemplate\":\"https:\\\/\\\/exaustec.com\\\/es\\\/?s={search_term_string}\"},\"query-input\":{\"@type\":\"PropertyValueSpecification\",\"valueRequired\":true,\"valueName\":\"search_term_string\"}}],\"inLanguage\":\"pt-BR\"},{\"@type\":\"Organization\",\"@id\":\"https:\\\/\\\/exaustec.com\\\/es\\\/#organization\",\"name\":\"Exaustec Tecnologia Ambiental\",\"url\":\"https:\\\/\\\/exaustec.com\\\/es\\\/\",\"logo\":{\"@type\":\"ImageObject\",\"inLanguage\":\"pt-BR\",\"@id\":\"https:\\\/\\\/exaustec.com\\\/es\\\/#\\\/schema\\\/logo\\\/image\\\/\",\"url\":\"https:\\\/\\\/exaustec.com\\\/es\\\/wp-content\\\/uploads\\\/2023\\\/12\\\/logoExaustec_400px.png\",\"contentUrl\":\"https:\\\/\\\/exaustec.com\\\/es\\\/wp-content\\\/uploads\\\/2023\\\/12\\\/logoExaustec_400px.png\",\"width\":400,\"height\":82,\"caption\":\"Exaustec Tecnologia Ambiental\"},\"image\":{\"@id\":\"https:\\\/\\\/exaustec.com\\\/es\\\/#\\\/schema\\\/logo\\\/image\\\/\"}}]}<\/script>\n<!-- \/ Yoast SEO plugin. -->","yoast_head_json":{"title":"Sistemas de Exaust\u00e3o - Exaustec Tecnologia Ambiental","robots":{"index":"index","follow":"follow","max-snippet":"max-snippet:-1","max-image-preview":"max-image-preview:large","max-video-preview":"max-video-preview:-1"},"canonical":"https:\/\/exaustec.com\/es\/sistemas-de-exaustao\/","og_locale":"pt_BR","og_type":"article","og_title":"Sistemas de Exaust\u00e3o - Exaustec Tecnologia Ambiental","og_description":"Devido \u00e0 busca por seguran\u00e7a em suas opera\u00e7\u00f5es, juntamente com a relev\u00e2ncia de um meio ambiente sustent\u00e1vel, ind\u00fastrias de diversos setores t\u00eam procurado alternativas no controle de emiss\u00f5es de particulado. Uma das formas de solucionar esse problema presente na rotina das f\u00e1bricas \u00e9 a implementa\u00e7\u00e3o de sistemas de exaust\u00e3o. Nossa engenharia desenvolve sistemas de exaust\u00e3o [&hellip;]","og_url":"https:\/\/exaustec.com\/es\/sistemas-de-exaustao\/","og_site_name":"Exaustec Tecnologia Ambiental","article_modified_time":"2024-12-18T13:43:57+00:00","og_image":[{"url":"http:\/\/exaustec.com\/wp-content\/uploads\/2024\/11\/sistema-de-exaustao2-900x1200-1.webp","type":"","width":"","height":""}],"twitter_card":"summary_large_image","twitter_misc":{"Est. tempo de leitura":"2 minutos"},"schema":{"@context":"https:\/\/schema.org","@graph":[{"@type":"WebPage","@id":"https:\/\/exaustec.com\/es\/sistemas-de-exaustao\/","url":"https:\/\/exaustec.com\/es\/sistemas-de-exaustao\/","name":"Sistemas de Exaust\u00e3o - Exaustec Tecnologia Ambiental","isPartOf":{"@id":"https:\/\/exaustec.com\/es\/#website"},"primaryImageOfPage":{"@id":"https:\/\/exaustec.com\/es\/sistemas-de-exaustao\/#primaryimage"},"image":{"@id":"https:\/\/exaustec.com\/es\/sistemas-de-exaustao\/#primaryimage"},"thumbnailUrl":"http:\/\/exaustec.com\/wp-content\/uploads\/2024\/11\/sistema-de-exaustao2-900x1200-1.webp","datePublished":"2024-11-08T18:12:43+00:00","dateModified":"2024-12-18T13:43:57+00:00","breadcrumb":{"@id":"https:\/\/exaustec.com\/es\/sistemas-de-exaustao\/#breadcrumb"},"inLanguage":"pt-BR","potentialAction":[{"@type":"ReadAction","target":["https:\/\/exaustec.com\/es\/sistemas-de-exaustao\/"]}]},{"@type":"ImageObject","inLanguage":"pt-BR","@id":"https:\/\/exaustec.com\/es\/sistemas-de-exaustao\/#primaryimage","url":"http:\/\/exaustec.com\/wp-content\/uploads\/2024\/11\/sistema-de-exaustao2-900x1200-1.webp","contentUrl":"http:\/\/exaustec.com\/wp-content\/uploads\/2024\/11\/sistema-de-exaustao2-900x1200-1.webp"},{"@type":"BreadcrumbList","@id":"https:\/\/exaustec.com\/es\/sistemas-de-exaustao\/#breadcrumb","itemListElement":[{"@type":"ListItem","position":1,"name":"In\u00edcio","item":"https:\/\/exaustec.com\/es\/"},{"@type":"ListItem","position":2,"name":"Sistemas de Exaust\u00e3o"}]},{"@type":"WebSite","@id":"https:\/\/exaustec.com\/es\/#website","url":"https:\/\/exaustec.com\/es\/","name":"Exaustec Tecnologia Ambiental","description":"Sistemas de Extracci\u00f3n Industrial.","publisher":{"@id":"https:\/\/exaustec.com\/es\/#organization"},"potentialAction":[{"@type":"SearchAction","target":{"@type":"EntryPoint","urlTemplate":"https:\/\/exaustec.com\/es\/?s={search_term_string}"},"query-input":{"@type":"PropertyValueSpecification","valueRequired":true,"valueName":"search_term_string"}}],"inLanguage":"pt-BR"},{"@type":"Organization","@id":"https:\/\/exaustec.com\/es\/#organization","name":"Exaustec Tecnologia Ambiental","url":"https:\/\/exaustec.com\/es\/","logo":{"@type":"ImageObject","inLanguage":"pt-BR","@id":"https:\/\/exaustec.com\/es\/#\/schema\/logo\/image\/","url":"https:\/\/exaustec.com\/es\/wp-content\/uploads\/2023\/12\/logoExaustec_400px.png","contentUrl":"https:\/\/exaustec.com\/es\/wp-content\/uploads\/2023\/12\/logoExaustec_400px.png","width":400,"height":82,"caption":"Exaustec Tecnologia Ambiental"},"image":{"@id":"https:\/\/exaustec.com\/es\/#\/schema\/logo\/image\/"}}]}},"_links":{"self":[{"href":"https:\/\/exaustec.com\/es\/wp-json\/wp\/v2\/pages\/1676","targetHints":{"allow":["GET"]}}],"collection":[{"href":"https:\/\/exaustec.com\/es\/wp-json\/wp\/v2\/pages"}],"about":[{"href":"https:\/\/exaustec.com\/es\/wp-json\/wp\/v2\/types\/page"}],"author":[{"embeddable":true,"href":"https:\/\/exaustec.com\/es\/wp-json\/wp\/v2\/users\/2"}],"replies":[{"embeddable":true,"href":"https:\/\/exaustec.com\/es\/wp-json\/wp\/v2\/comments?post=1676"}],"version-history":[{"count":47,"href":"https:\/\/exaustec.com\/es\/wp-json\/wp\/v2\/pages\/1676\/revisions"}],"predecessor-version":[{"id":2399,"href":"https:\/\/exaustec.com\/es\/wp-json\/wp\/v2\/pages\/1676\/revisions\/2399"}],"wp:attachment":[{"href":"https:\/\/exaustec.com\/es\/wp-json\/wp\/v2\/media?parent=1676"}],"wp:term":[{"taxonomy":"folder","embeddable":true,"href":"https:\/\/exaustec.com\/es\/wp-json\/wp\/v2\/folder?post=1676"}],"curies":[{"name":"wp","href":"https:\/\/api.w.org\/{rel}","templated":true}]}}